{"id":284,"date":"2022-11-07T21:04:33","date_gmt":"2022-11-07T20:04:33","guid":{"rendered":"https:\/\/szunyikitti.hu\/?page_id=284"},"modified":"2023-04-04T12:53:46","modified_gmt":"2023-04-04T10:53:46","slug":"esemenyek","status":"publish","type":"page","link":"https:\/\/szunyikitti.hu\/de\/esemenyek\/","title":{"rendered":"Veranstaltungen"},"content":{"rendered":"<div data-elementor-type=\"wp-page\" data-elementor-id=\"284\" class=\"elementor elementor-284\" data-elementor-post-type=\"page\">\n\t\t\t\t\t\t<section class=\"elementor-section elementor-top-section elementor-element elementor-element-7a0d088 elementor-section-boxed elementor-section-height-default elementor-section-height-default\" data-id=\"7a0d088\" data-element_type=\"section\" data-e-type=\"section\" data-settings=\"{&quot;background_background&quot;:&quot;classic&quot;,&quot;shape_divider_bottom&quot;:&quot;curve-asymmetrical&quot;,&quot;shape_divider_bottom_negative&quot;:&quot;yes&quot;}\">\n\t\t\t\t\t\t\t<div class=\"elementor-background-overlay\"><\/div>\n\t\t\t\t\t\t<div class=\"elementor-shape elementor-shape-bottom\" aria-hidden=\"true\" data-negative=\"true\">\n\t\t\t<svg xmlns=\"http:\/\/www.w3.org\/2000\/svg\" viewbox=\"0 0 1000 100\" preserveaspectratio=\"none\">\n\t<path class=\"elementor-shape-fill\" d=\"M615.2,96.7C240.2,97.8,0,18.9,0,0v100h1000V0C1000,19.2,989.8,96,615.2,96.7z\"\/>\n<\/svg>\t\t<\/div>\n\t\t\t\t\t<div class=\"elementor-container elementor-column-gap-default\">\n\t\t\t\t\t<div class=\"elementor-column elementor-col-100 elementor-top-column elementor-element elementor-element-6926298\" data-id=\"6926298\" data-element_type=\"column\" data-e-type=\"column\">\n\t\t\t<div class=\"elementor-widget-wrap elementor-element-populated\">\n\t\t\t\t\t\t<div class=\"elementor-element elementor-element-b594334 elementor-widget elementor-widget-heading\" data-id=\"b594334\" data-element_type=\"widget\" data-e-type=\"widget\" data-widget_type=\"heading.default\">\n\t\t\t\t<div class=\"elementor-widget-container\">\n\t\t\t\t\t<h1 class=\"elementor-heading-title elementor-size-default\">Veranstaltungen - Kurse - Gruppenarbeit<\/h1>\t\t\t\t<\/div>\n\t\t\t\t<\/div>\n\t\t\t\t\t<\/div>\n\t\t<\/div>\n\t\t\t\t\t<\/div>\n\t\t<\/section>\n\t\t\t\t<section class=\"elementor-section elementor-top-section elementor-element elementor-element-b197da6 elementor-section-boxed elementor-section-height-default elementor-section-height-default\" data-id=\"b197da6\" data-element_type=\"section\" data-e-type=\"section\">\n\t\t\t\t\t\t<div class=\"elementor-container elementor-column-gap-default\">\n\t\t\t\t\t<div class=\"elementor-column elementor-col-100 elementor-top-column elementor-element elementor-element-895aeb5\" data-id=\"895aeb5\" data-element_type=\"column\" data-e-type=\"column\">\n\t\t\t<div class=\"elementor-widget-wrap elementor-element-populated\">\n\t\t\t\t\t\t<section class=\"elementor-section elementor-inner-section elementor-element elementor-element-0d43d71 elementor-section-boxed elementor-section-height-default elementor-section-height-default\" data-id=\"0d43d71\" data-element_type=\"section\" data-e-type=\"section\">\n\t\t\t\t\t\t<div class=\"elementor-container elementor-column-gap-default\">\n\t\t\t\t\t<div class=\"elementor-column elementor-col-33 elementor-inner-column elementor-element elementor-element-0309c20\" data-id=\"0309c20\" data-element_type=\"column\" data-e-type=\"column\">\n\t\t\t<div class=\"elementor-widget-wrap elementor-element-populated\">\n\t\t\t\t\t\t<div class=\"elementor-element elementor-element-b1260d7 elementor-position-top elementor-widget elementor-widget-image-box\" data-id=\"b1260d7\" data-element_type=\"widget\" data-e-type=\"widget\" data-widget_type=\"image-box.default\">\n\t\t\t\t<div class=\"elementor-widget-container\">\n\t\t\t\t\t<div class=\"elementor-image-box-wrapper\"><figure class=\"elementor-image-box-img\"><a href=\"https:\/\/szunyikitti.hu\/de\/esemenyek\/orok-szerelem-ajandekba\/\" tabindex=\"-1\"><img fetchpriority=\"high\" decoding=\"async\" width=\"906\" height=\"893\" src=\"https:\/\/szunyikitti.hu\/wp-content\/uploads\/2023\/03\/orok-szerelem-e1678641428300.jpeg\" class=\"attachment-full size-full wp-image-1555\" alt=\"Esem\u00e9ny\/Tanfolyam - \u00d6r\u00f6k szerelem aj\u00e1nd\u00e9kba 4 alkalmas szem\u00e9lyes vagy online coaching program, amelynek c\u00e9lja a hossz\u00fa t\u00e1v\u00fa boldog p\u00e1rkapcsolatok titk\u00e1nak megoszt\u00e1sa a megfelel\u0151 kommunik\u00e1ci\u00f3, konfliktuskezel\u00e9s, szeretetnyelvek ismerete \u00e9s m\u00e1s t\u00e9mak\u00f6r\u00f6k \u00e1ltal, valamint egy\u00e9ni \u00e9s k\u00f6z\u00f6s gyakorlatok elsaj\u00e1t\u00edt\u00e1s\u00e1val.\" srcset=\"https:\/\/szunyikitti.hu\/wp-content\/uploads\/2023\/03\/orok-szerelem-e1678641428300.jpeg 906w, https:\/\/szunyikitti.hu\/wp-content\/uploads\/2023\/03\/orok-szerelem-e1678641428300-700x690.jpeg 700w, https:\/\/szunyikitti.hu\/wp-content\/uploads\/2023\/03\/orok-szerelem-e1678641428300-768x757.jpeg 768w, https:\/\/szunyikitti.hu\/wp-content\/uploads\/2023\/03\/orok-szerelem-e1678641428300-12x12.jpeg 12w\" sizes=\"(max-width: 906px) 100vw, 906px\" \/><\/a><\/figure><div class=\"elementor-image-box-content\"><h3 class=\"elementor-image-box-title\"><a href=\"https:\/\/szunyikitti.hu\/de\/esemenyek\/orok-szerelem-ajandekba\/\">Ewige Liebe als Geschenk<\/a><\/h3><p class=\"elementor-image-box-description\">Das 4-teilige pers\u00f6nliche oder Online-Coaching-Programm zielt darauf ab, die Geheimnisse langfristig gl\u00fccklicher Beziehungen durch das Wissen \u00fcber effektive Kommunikation, Konfliktl\u00f6sung, Liebessprachen und andere verwandte Themen sowie die Anwendung individueller und gemeinsamer \u00dcbungen zu teilen.<\/p><\/div><\/div>\t\t\t\t<\/div>\n\t\t\t\t<\/div>\n\t\t\t\t<div class=\"elementor-element elementor-element-39d6533 elementor-align-justify elementor-widget elementor-widget-button\" data-id=\"39d6533\" data-element_type=\"widget\" data-e-type=\"widget\" data-widget_type=\"button.default\">\n\t\t\t\t<div class=\"elementor-widget-container\">\n\t\t\t\t\t\t\t\t\t<div class=\"elementor-button-wrapper\">\n\t\t\t\t\t<a class=\"elementor-button elementor-button-link elementor-size-sm\" href=\"https:\/\/szunyikitti.hu\/de\/esemenyek\/orok-szerelem-ajandekba\/\">\n\t\t\t\t\t\t<span class=\"elementor-button-content-wrapper\">\n\t\t\t\t\t\t\t\t\t<span class=\"elementor-button-text\">Weiterlesen<\/span>\n\t\t\t\t\t<\/span>\n\t\t\t\t\t<\/a>\n\t\t\t\t<\/div>\n\t\t\t\t\t\t\t\t<\/div>\n\t\t\t\t<\/div>\n\t\t\t\t\t<\/div>\n\t\t<\/div>\n\t\t\t\t<div class=\"elementor-column elementor-col-33 elementor-inner-column elementor-element elementor-element-34ea150\" data-id=\"34ea150\" data-element_type=\"column\" data-e-type=\"column\">\n\t\t\t<div class=\"elementor-widget-wrap elementor-element-populated\">\n\t\t\t\t\t\t<div class=\"elementor-element elementor-element-94c3e22 elementor-position-top elementor-widget elementor-widget-image-box\" data-id=\"94c3e22\" data-element_type=\"widget\" data-e-type=\"widget\" data-widget_type=\"image-box.default\">\n\t\t\t\t<div class=\"elementor-widget-container\">\n\t\t\t\t\t<div class=\"elementor-image-box-wrapper\"><figure class=\"elementor-image-box-img\"><a href=\"https:\/\/szunyikitti.hu\/de\/esemenyek\/parkapcsolat-mentoov\/\" tabindex=\"-1\"><img decoding=\"async\" width=\"798\" height=\"785\" src=\"https:\/\/szunyikitti.hu\/wp-content\/uploads\/2023\/03\/parkapcsolati-mentoov-e1678641338993.jpg\" class=\"attachment-full size-full wp-image-1556\" alt=\"Esem\u00e9ny\/Tanfolyam - P\u00e1rkapcsolat-ment\u0151\u00f6v 6 alkalmas p\u00e1rkapcsolati coaching program, amely seg\u00edt az elt\u00e1volod\u00e1sb\u00f3l szeretetteljesen visszatal\u00e1lni egym\u00e1shoz, falakat lebontani, s\u00e9relmeket kommunik\u00e1lni, a vonzalmat fel\u00e9leszteni. A h\u0171tlens\u00e9gi helyzeteket feldolgozni, szexu\u00e1lis probl\u00e9m\u00e1kat megoldani, stb.\" srcset=\"https:\/\/szunyikitti.hu\/wp-content\/uploads\/2023\/03\/parkapcsolati-mentoov-e1678641338993.jpg 798w, https:\/\/szunyikitti.hu\/wp-content\/uploads\/2023\/03\/parkapcsolati-mentoov-e1678641338993-700x689.jpg 700w, https:\/\/szunyikitti.hu\/wp-content\/uploads\/2023\/03\/parkapcsolati-mentoov-e1678641338993-768x755.jpg 768w, https:\/\/szunyikitti.hu\/wp-content\/uploads\/2023\/03\/parkapcsolati-mentoov-e1678641338993-12x12.jpg 12w\" sizes=\"(max-width: 798px) 100vw, 798px\" \/><\/a><\/figure><div class=\"elementor-image-box-content\"><h3 class=\"elementor-image-box-title\"><a href=\"https:\/\/szunyikitti.hu\/de\/esemenyek\/parkapcsolat-mentoov\/\">Lebensader der Beziehung<\/a><\/h3><p class=\"elementor-image-box-description\">Ein 6-w\u00f6chiges Coaching-Programm f\u00fcr Paare, das dabei hilft, liebevoll zueinander zur\u00fcckzukehren, Barrieren abzubauen, Verletzungen zu kommunizieren, die Anziehungskraft zu erneuern, Untreue-Situationen zu bew\u00e4ltigen, sexuelle Probleme zu l\u00f6sen und individuelle Beratung anzubieten.<\/p><\/div><\/div>\t\t\t\t<\/div>\n\t\t\t\t<\/div>\n\t\t\t\t<div class=\"elementor-element elementor-element-1dfc9db elementor-align-justify elementor-widget elementor-widget-button\" data-id=\"1dfc9db\" data-element_type=\"widget\" data-e-type=\"widget\" data-widget_type=\"button.default\">\n\t\t\t\t<div class=\"elementor-widget-container\">\n\t\t\t\t\t\t\t\t\t<div class=\"elementor-button-wrapper\">\n\t\t\t\t\t<a class=\"elementor-button elementor-button-link elementor-size-sm\" href=\"https:\/\/szunyikitti.hu\/de\/esemenyek\/parkapcsolat-mentoov\/\">\n\t\t\t\t\t\t<span class=\"elementor-button-content-wrapper\">\n\t\t\t\t\t\t\t\t\t<span class=\"elementor-button-text\">Weiterlesen<\/span>\n\t\t\t\t\t<\/span>\n\t\t\t\t\t<\/a>\n\t\t\t\t<\/div>\n\t\t\t\t\t\t\t\t<\/div>\n\t\t\t\t<\/div>\n\t\t\t\t\t<\/div>\n\t\t<\/div>\n\t\t\t\t<div class=\"elementor-column elementor-col-33 elementor-inner-column elementor-element elementor-element-3c4fa73\" data-id=\"3c4fa73\" data-element_type=\"column\" data-e-type=\"column\">\n\t\t\t<div class=\"elementor-widget-wrap elementor-element-populated\">\n\t\t\t\t\t\t<div class=\"elementor-element elementor-element-b933954 elementor-position-top elementor-widget elementor-widget-image-box\" data-id=\"b933954\" data-element_type=\"widget\" data-e-type=\"widget\" data-widget_type=\"image-box.default\">\n\t\t\t\t<div class=\"elementor-widget-container\">\n\t\t\t\t\t<div class=\"elementor-image-box-wrapper\"><figure class=\"elementor-image-box-img\"><a href=\"https:\/\/szunyikitti.hu\/de\/esemenyek\/szulo-school-2\/\" tabindex=\"-1\"><img decoding=\"async\" width=\"734\" height=\"721\" src=\"https:\/\/szunyikitti.hu\/wp-content\/uploads\/2023\/03\/szulo-school-e1678641532365.jpeg\" class=\"attachment-full size-full wp-image-1557\" alt=\"Esem\u00e9ny\/Tanfolyam - Sz\u00fcl\u0151-school A sz\u00fcl\u0151i felel\u0151ss\u00e9g hatalmas, de sajnos gyakran nincs megfelel\u0151 el\u0151k\u00e9pzetts\u00e9g\u00fcnk hozz\u00e1. A sz\u00fcl\u0151s\u00e9g felk\u00e9sz\u00edt\u0151 tr\u00e9ningen elm\u00e9leti \u00e9s gyakorlati seg\u00edts\u00e9get kaphattok az \u00f6nismeret, k\u00f6t\u0151d\u00e9si st\u00edlus, sz\u00fcl\u0151i attit\u0171d, fegyelmez\u00e9s, \u00e9rzelmi intelligencia, hat\u00e1rok \u00e9s saj\u00e1t \u00e9rzelmi j\u00f3ll\u00e9t t\u00e9mak\u00f6reiben.\" srcset=\"https:\/\/szunyikitti.hu\/wp-content\/uploads\/2023\/03\/szulo-school-e1678641532365.jpeg 734w, https:\/\/szunyikitti.hu\/wp-content\/uploads\/2023\/03\/szulo-school-e1678641532365-700x688.jpeg 700w, https:\/\/szunyikitti.hu\/wp-content\/uploads\/2023\/03\/szulo-school-e1678641532365-12x12.jpeg 12w\" sizes=\"(max-width: 734px) 100vw, 734px\" \/><\/a><\/figure><div class=\"elementor-image-box-content\"><h3 class=\"elementor-image-box-title\"><a href=\"https:\/\/szunyikitti.hu\/de\/esemenyek\/szulo-school-2\/\">Elternschule<\/a><\/h3><p class=\"elementor-image-box-description\">Elterliche Verantwortung ist enorm, aber leider fehlt uns oft die angemessene Ausbildung daf\u00fcr. Im Elternvorbereitungstraining erhalten Sie theoretische und praktische Hilfe in den Bereichen Selbstbewusstsein, Bindungsstile, elterliche Einstellungen, Disziplin, emotionale Intelligenz, Grenzen und pers\u00f6nliches emotionales Wohlbefinden.<\/p><\/div><\/div>\t\t\t\t<\/div>\n\t\t\t\t<\/div>\n\t\t\t\t<div class=\"elementor-element elementor-element-5f18690 elementor-align-justify elementor-widget elementor-widget-button\" data-id=\"5f18690\" data-element_type=\"widget\" data-e-type=\"widget\" data-widget_type=\"button.default\">\n\t\t\t\t<div class=\"elementor-widget-container\">\n\t\t\t\t\t\t\t\t\t<div class=\"elementor-button-wrapper\">\n\t\t\t\t\t<a class=\"elementor-button elementor-button-link elementor-size-sm\" href=\"https:\/\/szunyikitti.hu\/de\/esemenyek\/szulo-school-2\/\">\n\t\t\t\t\t\t<span class=\"elementor-button-content-wrapper\">\n\t\t\t\t\t\t\t\t\t<span class=\"elementor-button-text\">Weiterlesen<\/span>\n\t\t\t\t\t<\/span>\n\t\t\t\t\t<\/a>\n\t\t\t\t<\/div>\n\t\t\t\t\t\t\t\t<\/div>\n\t\t\t\t<\/div>\n\t\t\t\t\t<\/div>\n\t\t<\/div>\n\t\t\t\t\t<\/div>\n\t\t<\/section>\n\t\t\t\t<section class=\"elementor-section elementor-inner-section elementor-element elementor-element-365b783 elementor-section-boxed elementor-section-height-default elementor-section-height-default\" data-id=\"365b783\" data-element_type=\"section\" data-e-type=\"section\">\n\t\t\t\t\t\t<div class=\"elementor-container elementor-column-gap-default\">\n\t\t\t\t\t<div class=\"elementor-column elementor-col-33 elementor-inner-column elementor-element elementor-element-3e905b3\" data-id=\"3e905b3\" data-element_type=\"column\" data-e-type=\"column\">\n\t\t\t<div class=\"elementor-widget-wrap elementor-element-populated\">\n\t\t\t\t\t\t<div class=\"elementor-element elementor-element-bbea8d6 elementor-position-top elementor-widget elementor-widget-image-box\" data-id=\"bbea8d6\" data-element_type=\"widget\" data-e-type=\"widget\" data-widget_type=\"image-box.default\">\n\t\t\t\t<div class=\"elementor-widget-container\">\n\t\t\t\t\t<div class=\"elementor-image-box-wrapper\"><figure class=\"elementor-image-box-img\"><a href=\"https:\/\/szunyikitti.hu\/de\/esemenyek\/erzelmi-intelligencia-gyermekeknek\/\" tabindex=\"-1\"><img loading=\"lazy\" decoding=\"async\" width=\"540\" height=\"526\" src=\"https:\/\/szunyikitti.hu\/wp-content\/uploads\/2023\/03\/erzelmiintelligenciafejl.jpeg\" class=\"attachment-full size-full wp-image-1553\" alt=\"Esem\u00e9ny\/Tanfolyam - \u00c9rzelmi intelligencia fejleszt\u00e9s gyermekeknek A 90 perces kiscsoportos foglalkoz\u00e1sok j\u00e1t\u00e9kos \u00e9s \u00f6r\u00f6mteli form\u00e1ban seg\u00edtenek fejleszteni a gyermekek \u00e9rzelmi intelligenci\u00e1j\u00e1t \u00e9s hozz\u00e1j\u00e1rulnak egy \u00e9rzelmileg eg\u00e9szs\u00e9gesebb nemzed\u00e9k feln\u00f6veked\u00e9s\u00e9hez. A foglalkoz\u00e1sokon ter\u00e1pi\u00e1s kuty\u00e1mmal is tal\u00e1lkozhatnak a r\u00e9sztvev\u0151k.\" srcset=\"https:\/\/szunyikitti.hu\/wp-content\/uploads\/2023\/03\/erzelmiintelligenciafejl.jpeg 540w, https:\/\/szunyikitti.hu\/wp-content\/uploads\/2023\/03\/erzelmiintelligenciafejl-12x12.jpeg 12w\" sizes=\"(max-width: 540px) 100vw, 540px\" \/><\/a><\/figure><div class=\"elementor-image-box-content\"><h3 class=\"elementor-image-box-title\"><a href=\"https:\/\/szunyikitti.hu\/de\/esemenyek\/erzelmi-intelligencia-gyermekeknek\/\">Entwicklung der emotionalen Intelligenz f\u00fcr Kinder<\/a><\/h3><p class=\"elementor-image-box-description\">Die 90-min\u00fctigen Gruppensitzungen helfen auf spielerische und unterhaltsame Weise, die emotionale Intelligenz von Kindern zu entwickeln und tragen dazu bei, dass eine Generation mit besserer emotionaler Gesundheit heranw\u00e4chst. Die Teilnehmer haben w\u00e4hrend der Sitzungen auch die M\u00f6glichkeit, meinen Therapiehund kennenzulernen.<\/p><\/div><\/div>\t\t\t\t<\/div>\n\t\t\t\t<\/div>\n\t\t\t\t<div class=\"elementor-element elementor-element-4960493 elementor-align-justify elementor-widget elementor-widget-button\" data-id=\"4960493\" data-element_type=\"widget\" data-e-type=\"widget\" data-widget_type=\"button.default\">\n\t\t\t\t<div class=\"elementor-widget-container\">\n\t\t\t\t\t\t\t\t\t<div class=\"elementor-button-wrapper\">\n\t\t\t\t\t<a class=\"elementor-button elementor-button-link elementor-size-sm\" href=\"https:\/\/szunyikitti.hu\/de\/esemenyek\/erzelmi-intelligencia-gyermekeknek\/\">\n\t\t\t\t\t\t<span class=\"elementor-button-content-wrapper\">\n\t\t\t\t\t\t\t\t\t<span class=\"elementor-button-text\">Weiterlesen<\/span>\n\t\t\t\t\t<\/span>\n\t\t\t\t\t<\/a>\n\t\t\t\t<\/div>\n\t\t\t\t\t\t\t\t<\/div>\n\t\t\t\t<\/div>\n\t\t\t\t\t<\/div>\n\t\t<\/div>\n\t\t\t\t<div class=\"elementor-column elementor-col-33 elementor-inner-column elementor-element elementor-element-6c5b2fd\" data-id=\"6c5b2fd\" data-element_type=\"column\" data-e-type=\"column\">\n\t\t\t<div class=\"elementor-widget-wrap elementor-element-populated\">\n\t\t\t\t\t\t<div class=\"elementor-element elementor-element-e471606 elementor-position-top elementor-widget elementor-widget-image-box\" data-id=\"e471606\" data-element_type=\"widget\" data-e-type=\"widget\" data-widget_type=\"image-box.default\">\n\t\t\t\t<div class=\"elementor-widget-container\">\n\t\t\t\t\t<div class=\"elementor-image-box-wrapper\"><figure class=\"elementor-image-box-img\"><a href=\"https:\/\/szunyikitti.hu\/de\/esemenyek\/meses-onismeret\/\" tabindex=\"-1\"><img loading=\"lazy\" decoding=\"async\" width=\"936\" height=\"921\" src=\"https:\/\/szunyikitti.hu\/wp-content\/uploads\/2023\/03\/mesesonismeret-e1678641667528.jpeg\" class=\"attachment-full size-full wp-image-1554\" alt=\"Esem\u00e9ny\/Tanfolyam - Mes\u00e9s \u00f6nismeret A 8 alkalmas online mesefeldolgoz\u00f3 csoport, amely relax\u00e1ci\u00f3s vezet\u00e9ssel \u00e9s szimb\u00f3lumokkal seg\u00edti az \u00f6nismeret \u00e9s a vil\u00e1g felfedez\u00e9s\u00e9t. A mes\u00e9s \u00f6nismeret k\u00fcl\u00f6nb\u00f6z\u0151 t\u00e9mak\u00f6r\u00f6kre \u00e9p\u00fcl, mint p\u00e9ld\u00e1ul a bels\u0151 forr\u00e1s megtal\u00e1l\u00e1sa, a n\u0151i-f\u00e9rfi kapcsol\u00f3d\u00e1sok, \u00f6n\u00e9rv\u00e9nyes\u00edt\u00e9s, szexualit\u00e1s, stb.\" srcset=\"https:\/\/szunyikitti.hu\/wp-content\/uploads\/2023\/03\/mesesonismeret-e1678641667528.jpeg 936w, https:\/\/szunyikitti.hu\/wp-content\/uploads\/2023\/03\/mesesonismeret-e1678641667528-700x689.jpeg 700w, https:\/\/szunyikitti.hu\/wp-content\/uploads\/2023\/03\/mesesonismeret-e1678641667528-768x756.jpeg 768w, https:\/\/szunyikitti.hu\/wp-content\/uploads\/2023\/03\/mesesonismeret-e1678641667528-12x12.jpeg 12w\" sizes=\"(max-width: 936px) 100vw, 936px\" \/><\/a><\/figure><div class=\"elementor-image-box-content\"><h3 class=\"elementor-image-box-title\"><a href=\"https:\/\/szunyikitti.hu\/de\/esemenyek\/meses-onismeret\/\">Fabelhaftes Selbstbewusstsein<\/a><\/h3><p class=\"elementor-image-box-description\"><br>Die 8-w\u00f6chige Online-Geschichtengruppe hilft bei der Selbsterkundung und Erkundung der inneren Welt durch Entspannungsanleitung und Symbole. Zu den Themen geh\u00f6ren das Finden der inneren Quelle, m\u00e4nnlich-weibliche Beziehungen und Selbstbehauptung.\n<br><\/p><\/div><\/div>\t\t\t\t<\/div>\n\t\t\t\t<\/div>\n\t\t\t\t<div class=\"elementor-element elementor-element-0a0402b elementor-align-justify elementor-widget elementor-widget-button\" data-id=\"0a0402b\" data-element_type=\"widget\" data-e-type=\"widget\" data-widget_type=\"button.default\">\n\t\t\t\t<div class=\"elementor-widget-container\">\n\t\t\t\t\t\t\t\t\t<div class=\"elementor-button-wrapper\">\n\t\t\t\t\t<a class=\"elementor-button elementor-button-link elementor-size-sm\" href=\"https:\/\/szunyikitti.hu\/de\/esemenyek\/meses-onismeret\/\">\n\t\t\t\t\t\t<span class=\"elementor-button-content-wrapper\">\n\t\t\t\t\t\t\t\t\t<span class=\"elementor-button-text\">Weiterlesen<\/span>\n\t\t\t\t\t<\/span>\n\t\t\t\t\t<\/a>\n\t\t\t\t<\/div>\n\t\t\t\t\t\t\t\t<\/div>\n\t\t\t\t<\/div>\n\t\t\t\t\t<\/div>\n\t\t<\/div>\n\t\t\t\t<div class=\"elementor-column elementor-col-33 elementor-inner-column elementor-element elementor-element-7fb813e elementor-hidden-tablet elementor-hidden-mobile\" data-id=\"7fb813e\" data-element_type=\"column\" data-e-type=\"column\">\n\t\t\t<div class=\"elementor-widget-wrap\">\n\t\t\t\t\t\t\t<\/div>\n\t\t<\/div>\n\t\t\t\t\t<\/div>\n\t\t<\/section>\n\t\t\t\t\t<\/div>\n\t\t<\/div>\n\t\t\t\t\t<\/div>\n\t\t<\/section>\n\t\t\t\t<\/div>","protected":false},"excerpt":{"rendered":"<p>Esem\u00e9nyek &#8211; Tanfolyamok &#8211; Csoportos munka \u00d6r\u00f6k szerelem aj\u00e1nd\u00e9kba 4 alkalmas szem\u00e9lyes vagy online coaching program, amelynek c\u00e9lja a hossz\u00fa t\u00e1v\u00fa boldog p\u00e1rkapcsolatok titk\u00e1nak megoszt\u00e1sa a megfelel\u0151 kommunik\u00e1ci\u00f3, konfliktuskezel\u00e9s, szeretetnyelvek ismerete \u00e9s m\u00e1s t\u00e9mak\u00f6r\u00f6k \u00e1ltal, valamint egy\u00e9ni \u00e9s k\u00f6z\u00f6s gyakorlatok elsaj\u00e1t\u00edt\u00e1s\u00e1val. B\u0151vebben P\u00e1rkapcsolat-ment\u0151\u00f6v 6 alkalmas p\u00e1rkapcsolati coaching program, amely seg\u00edt az elt\u00e1volod\u00e1sb\u00f3l szeretetteljesen visszatal\u00e1lni egym\u00e1shoz, [&hellip;]<\/p>\n","protected":false},"author":2,"featured_media":0,"parent":0,"menu_order":0,"comment_status":"closed","ping_status":"closed","template":"","meta":{"footnotes":""},"class_list":["post-284","page","type-page","status-publish","hentry"],"_links":{"self":[{"href":"https:\/\/szunyikitti.hu\/de\/wp-json\/wp\/v2\/pages\/284","targetHints":{"allow":["GET"]}}],"collection":[{"href":"https:\/\/szunyikitti.hu\/de\/wp-json\/wp\/v2\/pages"}],"about":[{"href":"https:\/\/szunyikitti.hu\/de\/wp-json\/wp\/v2\/types\/page"}],"author":[{"embeddable":true,"href":"https:\/\/szunyikitti.hu\/de\/wp-json\/wp\/v2\/users\/2"}],"replies":[{"embeddable":true,"href":"https:\/\/szunyikitti.hu\/de\/wp-json\/wp\/v2\/comments?post=284"}],"version-history":[{"count":0,"href":"https:\/\/szunyikitti.hu\/de\/wp-json\/wp\/v2\/pages\/284\/revisions"}],"wp:attachment":[{"href":"https:\/\/szunyikitti.hu\/de\/wp-json\/wp\/v2\/media?parent=284"}],"curies":[{"name":"wp","href":"https:\/\/api.w.org\/{rel}","templated":true}]}}