{"id":288,"date":"2022-11-07T21:06:05","date_gmt":"2022-11-07T20:06:05","guid":{"rendered":"https:\/\/szunyikitti.hu\/?page_id=288"},"modified":"2023-04-04T12:50:29","modified_gmt":"2023-04-04T10:50:29","slug":"blog","status":"publish","type":"page","link":"https:\/\/szunyikitti.hu\/en\/blog\/","title":{"rendered":"Blog"},"content":{"rendered":"<div data-elementor-type=\"wp-page\" data-elementor-id=\"288\" class=\"elementor elementor-288\" data-elementor-post-type=\"page\">\n\t\t\t\t\t\t<section class=\"elementor-section elementor-top-section elementor-element elementor-element-e1246c7 elementor-section-boxed elementor-section-height-default elementor-section-height-default\" data-id=\"e1246c7\" data-element_type=\"section\" data-e-type=\"section\" data-settings=\"{&quot;background_background&quot;:&quot;classic&quot;,&quot;shape_divider_bottom&quot;:&quot;curve-asymmetrical&quot;,&quot;shape_divider_bottom_negative&quot;:&quot;yes&quot;}\">\n\t\t\t\t\t\t\t<div class=\"elementor-background-overlay\"><\/div>\n\t\t\t\t\t\t<div class=\"elementor-shape elementor-shape-bottom\" aria-hidden=\"true\" data-negative=\"true\">\n\t\t\t<svg xmlns=\"http:\/\/www.w3.org\/2000\/svg\" viewbox=\"0 0 1000 100\" preserveaspectratio=\"none\">\n\t<path class=\"elementor-shape-fill\" d=\"M615.2,96.7C240.2,97.8,0,18.9,0,0v100h1000V0C1000,19.2,989.8,96,615.2,96.7z\"\/>\n<\/svg>\t\t<\/div>\n\t\t\t\t\t<div class=\"elementor-container elementor-column-gap-default\">\n\t\t\t\t\t<div class=\"elementor-column elementor-col-100 elementor-top-column elementor-element elementor-element-f79b7c8\" data-id=\"f79b7c8\" data-element_type=\"column\" data-e-type=\"column\">\n\t\t\t<div class=\"elementor-widget-wrap elementor-element-populated\">\n\t\t\t\t\t\t<div class=\"elementor-element elementor-element-0031b22 elementor-widget elementor-widget-heading\" data-id=\"0031b22\" data-element_type=\"widget\" data-e-type=\"widget\" data-widget_type=\"heading.default\">\n\t\t\t\t<div class=\"elementor-widget-container\">\n\t\t\t\t\t<h1 class=\"elementor-heading-title elementor-size-default\">Blog<\/h1>\t\t\t\t<\/div>\n\t\t\t\t<\/div>\n\t\t\t\t\t<\/div>\n\t\t<\/div>\n\t\t\t\t\t<\/div>\n\t\t<\/section>\n\t\t\t\t<section class=\"elementor-section elementor-top-section elementor-element elementor-element-35bbb63a elementor-section-boxed elementor-section-height-default elementor-section-height-default\" data-id=\"35bbb63a\" data-element_type=\"section\" data-e-type=\"section\">\n\t\t\t\t\t\t<div class=\"elementor-container elementor-column-gap-default\">\n\t\t\t\t\t<div class=\"elementor-column elementor-col-100 elementor-top-column elementor-element elementor-element-6107b97b\" data-id=\"6107b97b\" data-element_type=\"column\" data-e-type=\"column\">\n\t\t\t<div class=\"elementor-widget-wrap elementor-element-populated\">\n\t\t\t\t\t\t<div class=\"elementor-element elementor-element-999a5eb elementor-posts--align-center elementor-grid-3 elementor-grid-tablet-2 elementor-grid-mobile-1 elementor-posts--thumbnail-top elementor-card-shadow-yes elementor-posts__hover-gradient elementor-widget elementor-widget-posts\" data-id=\"999a5eb\" data-element_type=\"widget\" data-e-type=\"widget\" data-settings=\"{&quot;pagination_type&quot;:&quot;load_more_infinite_scroll&quot;,&quot;cards_columns&quot;:&quot;3&quot;,&quot;cards_columns_tablet&quot;:&quot;2&quot;,&quot;cards_columns_mobile&quot;:&quot;1&quot;,&quot;cards_row_gap&quot;:{&quot;unit&quot;:&quot;px&quot;,&quot;size&quot;:35,&quot;sizes&quot;:[]},&quot;cards_row_gap_laptop&quot;:{&quot;unit&quot;:&quot;px&quot;,&quot;size&quot;:&quot;&quot;,&quot;sizes&quot;:[]},&quot;cards_row_gap_tablet&quot;:{&quot;unit&quot;:&quot;px&quot;,&quot;size&quot;:&quot;&quot;,&quot;sizes&quot;:[]},&quot;cards_row_gap_mobile&quot;:{&quot;unit&quot;:&quot;px&quot;,&quot;size&quot;:&quot;&quot;,&quot;sizes&quot;:[]},&quot;load_more_spinner&quot;:{&quot;value&quot;:&quot;fas fa-spinner&quot;,&quot;library&quot;:&quot;fa-solid&quot;}}\" data-widget_type=\"posts.cards\">\n\t\t\t\t<div class=\"elementor-widget-container\">\n\t\t\t\t\t\t\t<div class=\"elementor-posts-container elementor-posts elementor-posts--skin-cards elementor-grid\" role=\"list\">\n\t\t\t\t<article class=\"elementor-post elementor-grid-item post-2245 post type-post status-publish format-standard has-post-thumbnail hentry category-gyogyito-mese category-segito-cikk\" role=\"listitem\">\n\t\t\t<div class=\"elementor-post__card\">\n\t\t\t\t<a class=\"elementor-post__thumbnail__link\" href=\"https:\/\/szunyikitti.hu\/en\/rozsafi\/\" tabindex=\"-1\" ><div class=\"elementor-post__thumbnail\"><img fetchpriority=\"high\" decoding=\"async\" width=\"627\" height=\"700\" src=\"https:\/\/szunyikitti.hu\/wp-content\/uploads\/2024\/11\/500aa06f-119f-4b50-89c7-6fc2f54d64bc-627x700.jpeg\" class=\"attachment-medium size-medium wp-image-2246\" alt=\"\" srcset=\"https:\/\/szunyikitti.hu\/wp-content\/uploads\/2024\/11\/500aa06f-119f-4b50-89c7-6fc2f54d64bc-627x700.jpeg 627w, https:\/\/szunyikitti.hu\/wp-content\/uploads\/2024\/11\/500aa06f-119f-4b50-89c7-6fc2f54d64bc-11x12.jpeg 11w, https:\/\/szunyikitti.hu\/wp-content\/uploads\/2024\/11\/500aa06f-119f-4b50-89c7-6fc2f54d64bc.jpeg 736w\" sizes=\"(max-width: 627px) 100vw, 627px\" \/><\/div><\/a>\n\t\t\t\t<div class=\"elementor-post__badge\">Healing tales<\/div>\n\t\t\t\t<div class=\"elementor-post__text\">\n\t\t\t\t<h3 class=\"elementor-post__title\">\n\t\t\t<a href=\"https:\/\/szunyikitti.hu\/en\/rozsafi\/\" >\n\t\t\t\tR\u00f3zsafi\t\t\t<\/a>\n\t\t<\/h3>\n\t\t\t\t<div class=\"elementor-post__excerpt\">\n\t\t\t<p>Egyszer volt, hol nem volt, volt egyszer egy le\u00e1ny, aki mindenn\u00e9l jobban v\u00e1gyta, hogy any\u00e1v\u00e1 v\u00e1lhass\u00e9k. V\u00f3t annak kuty\u00e1ja, macsk\u00e1ja, s mindenf\u00e9le j\u00f3sz\u00e1ga, hogy valamik\u00e9ppen enyh\u00edtse sz\u00edve szomor\u00fas\u00e1g\u00e1t, de az&nbsp;<\/p>\n\t\t<\/div>\n\t\t\n\t\t<a class=\"elementor-post__read-more\" href=\"https:\/\/szunyikitti.hu\/en\/rozsafi\/\" aria-label=\"Read more about R\u00f3zsafi\" tabindex=\"-1\" >\n\t\t\tTov\u00e1bb olvasom \u00bb\t\t<\/a>\n\n\t\t\t\t<\/div>\n\t\t\t\t<div class=\"elementor-post__meta-data\">\n\t\t\t\t\t<span class=\"elementor-post-date\">\n\t\t\t2024.11.04.\t\t<\/span>\n\t\t\t\t<\/div>\n\t\t\t\t\t<\/div>\n\t\t<\/article>\n\t\t\t\t<article class=\"elementor-post elementor-grid-item post-2248 post type-post status-publish format-standard has-post-thumbnail hentry category-gyogyito-mese category-segito-cikk\" role=\"listitem\">\n\t\t\t<div class=\"elementor-post__card\">\n\t\t\t\t<a class=\"elementor-post__thumbnail__link\" href=\"https:\/\/szunyikitti.hu\/en\/a-csodaszarvas\/\" tabindex=\"-1\" ><div class=\"elementor-post__thumbnail\"><img decoding=\"async\" width=\"514\" height=\"700\" src=\"https:\/\/szunyikitti.hu\/wp-content\/uploads\/2024\/11\/2-514x700.jpeg\" class=\"attachment-medium size-medium wp-image-2249\" alt=\"\" srcset=\"https:\/\/szunyikitti.hu\/wp-content\/uploads\/2024\/11\/2-514x700.jpeg 514w, https:\/\/szunyikitti.hu\/wp-content\/uploads\/2024\/11\/2-9x12.jpeg 9w, https:\/\/szunyikitti.hu\/wp-content\/uploads\/2024\/11\/2.jpeg 735w\" sizes=\"(max-width: 514px) 100vw, 514px\" \/><\/div><\/a>\n\t\t\t\t<div class=\"elementor-post__badge\">Healing tales<\/div>\n\t\t\t\t<div class=\"elementor-post__text\">\n\t\t\t\t<h3 class=\"elementor-post__title\">\n\t\t\t<a href=\"https:\/\/szunyikitti.hu\/en\/a-csodaszarvas\/\" >\n\t\t\t\tA csodaszarvas\t\t\t<\/a>\n\t\t<\/h3>\n\t\t\t\t<div class=\"elementor-post__excerpt\">\n\t\t\t<p>Egyszer volt holt nem volt, hetedh\u00e9t orsz\u00e1gon is t\u00fal, volt egyszer egy var\u00e1zslatos erd\u0151. Abban az erd\u0151ben minden f\u00e1ban t\u00fcnd\u00e9r lakott, s amikor elj\u00f6tt a Hold t\u00f6lte, el\u0151b\u00fajtak, hogy a<\/p>\n\t\t<\/div>\n\t\t\n\t\t<a class=\"elementor-post__read-more\" href=\"https:\/\/szunyikitti.hu\/en\/a-csodaszarvas\/\" aria-label=\"Read more about A csodaszarvas\" tabindex=\"-1\" >\n\t\t\tTov\u00e1bb olvasom \u00bb\t\t<\/a>\n\n\t\t\t\t<\/div>\n\t\t\t\t<div class=\"elementor-post__meta-data\">\n\t\t\t\t\t<span class=\"elementor-post-date\">\n\t\t\t2024.10.15.\t\t<\/span>\n\t\t\t\t<\/div>\n\t\t\t\t\t<\/div>\n\t\t<\/article>\n\t\t\t\t<article class=\"elementor-post elementor-grid-item post-2225 post type-post status-publish format-standard has-post-thumbnail hentry category-hanganyag category-video\" role=\"listitem\">\n\t\t\t<div class=\"elementor-post__card\">\n\t\t\t\t<a class=\"elementor-post__thumbnail__link\" href=\"https:\/\/szunyikitti.hu\/en\/altatodalok\/\" tabindex=\"-1\" ><div class=\"elementor-post__thumbnail\"><img decoding=\"async\" width=\"700\" height=\"394\" src=\"https:\/\/szunyikitti.hu\/wp-content\/uploads\/2024\/08\/Szunyi-Kitti-Altatodalok-Borito-700x394.jpg\" class=\"attachment-medium size-medium wp-image-2227\" alt=\"\" srcset=\"https:\/\/szunyikitti.hu\/wp-content\/uploads\/2024\/08\/Szunyi-Kitti-Altatodalok-Borito-700x394.jpg 700w, https:\/\/szunyikitti.hu\/wp-content\/uploads\/2024\/08\/Szunyi-Kitti-Altatodalok-Borito-1024x576.jpg 1024w, https:\/\/szunyikitti.hu\/wp-content\/uploads\/2024\/08\/Szunyi-Kitti-Altatodalok-Borito-768x432.jpg 768w, https:\/\/szunyikitti.hu\/wp-content\/uploads\/2024\/08\/Szunyi-Kitti-Altatodalok-Borito-1536x864.jpg 1536w, https:\/\/szunyikitti.hu\/wp-content\/uploads\/2024\/08\/Szunyi-Kitti-Altatodalok-Borito-18x10.jpg 18w, https:\/\/szunyikitti.hu\/wp-content\/uploads\/2024\/08\/Szunyi-Kitti-Altatodalok-Borito.jpg 1920w\" sizes=\"(max-width: 700px) 100vw, 700px\" \/><\/div><\/a>\n\t\t\t\t<div class=\"elementor-post__badge\">Hanganyag<\/div>\n\t\t\t\t<div class=\"elementor-post__text\">\n\t\t\t\t<h3 class=\"elementor-post__title\">\n\t\t\t<a href=\"https:\/\/szunyikitti.hu\/en\/altatodalok\/\" >\n\t\t\t\tAltat\u00f3dalok\t\t\t<\/a>\n\t\t<\/h3>\n\t\t\t\t<div class=\"elementor-post__excerpt\">\n\t\t\t<p>Csod\u00e1latos altat\u00f3dalok Szunyi Kitti el\u0151ad\u00e1s\u00e1ban. Zongor\u00e1n\u00e1l Szab\u00f3 L\u00edvia.<\/p>\n\t\t<\/div>\n\t\t\n\t\t<a class=\"elementor-post__read-more\" href=\"https:\/\/szunyikitti.hu\/en\/altatodalok\/\" aria-label=\"Read more about Altat\u00f3dalok\" tabindex=\"-1\" >\n\t\t\tTov\u00e1bb olvasom \u00bb\t\t<\/a>\n\n\t\t\t\t<\/div>\n\t\t\t\t<div class=\"elementor-post__meta-data\">\n\t\t\t\t\t<span class=\"elementor-post-date\">\n\t\t\t2024.08.27.\t\t<\/span>\n\t\t\t\t<\/div>\n\t\t\t\t\t<\/div>\n\t\t<\/article>\n\t\t\t\t<article class=\"elementor-post elementor-grid-item post-2221 post type-post status-publish format-standard has-post-thumbnail hentry category-video category-hanganyag category-szexualis-onismeret\" role=\"listitem\">\n\t\t\t<div class=\"elementor-post__card\">\n\t\t\t\t<a class=\"elementor-post__thumbnail__link\" href=\"https:\/\/szunyikitti.hu\/en\/podcast-noi-orgazmus-felsofokon-5-resz\/\" tabindex=\"-1\" ><div class=\"elementor-post__thumbnail\"><img loading=\"lazy\" decoding=\"async\" width=\"700\" height=\"394\" src=\"https:\/\/szunyikitti.hu\/wp-content\/uploads\/2024\/04\/Noi-orgazmus-felsofokon-5.-resz-700x394.png\" class=\"attachment-medium size-medium wp-image-2236\" alt=\"\" srcset=\"https:\/\/szunyikitti.hu\/wp-content\/uploads\/2024\/04\/Noi-orgazmus-felsofokon-5.-resz-700x394.png 700w, https:\/\/szunyikitti.hu\/wp-content\/uploads\/2024\/04\/Noi-orgazmus-felsofokon-5.-resz-1024x576.png 1024w, https:\/\/szunyikitti.hu\/wp-content\/uploads\/2024\/04\/Noi-orgazmus-felsofokon-5.-resz-768x432.png 768w, https:\/\/szunyikitti.hu\/wp-content\/uploads\/2024\/04\/Noi-orgazmus-felsofokon-5.-resz-1536x864.png 1536w, https:\/\/szunyikitti.hu\/wp-content\/uploads\/2024\/04\/Noi-orgazmus-felsofokon-5.-resz-18x10.png 18w, https:\/\/szunyikitti.hu\/wp-content\/uploads\/2024\/04\/Noi-orgazmus-felsofokon-5.-resz.png 1920w\" sizes=\"(max-width: 700px) 100vw, 700px\" \/><\/div><\/a>\n\t\t\t\t<div class=\"elementor-post__badge\">Vide\u00f3<\/div>\n\t\t\t\t<div class=\"elementor-post__text\">\n\t\t\t\t<h3 class=\"elementor-post__title\">\n\t\t\t<a href=\"https:\/\/szunyikitti.hu\/en\/podcast-noi-orgazmus-felsofokon-5-resz\/\" >\n\t\t\t\tPodcast \u2013 N\u0151i orgazmus fels\u0151fokon 5. r\u00e9sz\t\t\t<\/a>\n\t\t<\/h3>\n\t\t\t\t<div class=\"elementor-post__excerpt\">\n\t\t\t<p>Besz\u00e9lget\u00e9s Lancsin Zsuzska intimit\u00e1s coach-csal a szexu\u00e1lis kommunik\u00e1ci\u00f3r\u00f3l.<\/p>\n\t\t<\/div>\n\t\t\n\t\t<a class=\"elementor-post__read-more\" href=\"https:\/\/szunyikitti.hu\/en\/podcast-noi-orgazmus-felsofokon-5-resz\/\" aria-label=\"Read more about Podcast \u2013 N\u0151i orgazmus fels\u0151fokon 5. r\u00e9sz\" tabindex=\"-1\" >\n\t\t\tTov\u00e1bb olvasom \u00bb\t\t<\/a>\n\n\t\t\t\t<\/div>\n\t\t\t\t<div class=\"elementor-post__meta-data\">\n\t\t\t\t\t<span class=\"elementor-post-date\">\n\t\t\t2024.04.21.\t\t<\/span>\n\t\t\t\t<\/div>\n\t\t\t\t\t<\/div>\n\t\t<\/article>\n\t\t\t\t<article class=\"elementor-post elementor-grid-item post-2216 post type-post status-publish format-standard has-post-thumbnail hentry category-video category-hanganyag category-szexualis-onismeret\" role=\"listitem\">\n\t\t\t<div class=\"elementor-post__card\">\n\t\t\t\t<a class=\"elementor-post__thumbnail__link\" href=\"https:\/\/szunyikitti.hu\/en\/podcast-noi-orgazmus-felsofokon-4-resz\/\" tabindex=\"-1\" ><div class=\"elementor-post__thumbnail\"><img loading=\"lazy\" decoding=\"async\" width=\"700\" height=\"394\" src=\"https:\/\/szunyikitti.hu\/wp-content\/uploads\/2024\/04\/Noi-orgazmus-felsofokon-4.-resz-700x394.png\" class=\"attachment-medium size-medium wp-image-2230\" alt=\"\" srcset=\"https:\/\/szunyikitti.hu\/wp-content\/uploads\/2024\/04\/Noi-orgazmus-felsofokon-4.-resz-700x394.png 700w, https:\/\/szunyikitti.hu\/wp-content\/uploads\/2024\/04\/Noi-orgazmus-felsofokon-4.-resz-1024x576.png 1024w, https:\/\/szunyikitti.hu\/wp-content\/uploads\/2024\/04\/Noi-orgazmus-felsofokon-4.-resz-768x432.png 768w, https:\/\/szunyikitti.hu\/wp-content\/uploads\/2024\/04\/Noi-orgazmus-felsofokon-4.-resz-1536x864.png 1536w, https:\/\/szunyikitti.hu\/wp-content\/uploads\/2024\/04\/Noi-orgazmus-felsofokon-4.-resz-18x10.png 18w, https:\/\/szunyikitti.hu\/wp-content\/uploads\/2024\/04\/Noi-orgazmus-felsofokon-4.-resz.png 1920w\" sizes=\"(max-width: 700px) 100vw, 700px\" \/><\/div><\/a>\n\t\t\t\t<div class=\"elementor-post__badge\">Vide\u00f3<\/div>\n\t\t\t\t<div class=\"elementor-post__text\">\n\t\t\t\t<h3 class=\"elementor-post__title\">\n\t\t\t<a href=\"https:\/\/szunyikitti.hu\/en\/podcast-noi-orgazmus-felsofokon-4-resz\/\" >\n\t\t\t\tPodcast \u2013 N\u0151i orgazmus fels\u0151fokon 4. r\u00e9sz\t\t\t<\/a>\n\t\t<\/h3>\n\t\t\t\t<div class=\"elementor-post__excerpt\">\n\t\t\t<p>Besz\u00e9lget\u00e9s Lancsin Zsuzska intimit\u00e1s coach-csal a szexu\u00e1lis kommunik\u00e1ci\u00f3r\u00f3l.<\/p>\n\t\t<\/div>\n\t\t\n\t\t<a class=\"elementor-post__read-more\" href=\"https:\/\/szunyikitti.hu\/en\/podcast-noi-orgazmus-felsofokon-4-resz\/\" aria-label=\"Read more about Podcast \u2013 N\u0151i orgazmus fels\u0151fokon 4. r\u00e9sz\" tabindex=\"-1\" >\n\t\t\tTov\u00e1bb olvasom \u00bb\t\t<\/a>\n\n\t\t\t\t<\/div>\n\t\t\t\t<div class=\"elementor-post__meta-data\">\n\t\t\t\t\t<span class=\"elementor-post-date\">\n\t\t\t2024.04.14.\t\t<\/span>\n\t\t\t\t<\/div>\n\t\t\t\t\t<\/div>\n\t\t<\/article>\n\t\t\t\t<article class=\"elementor-post elementor-grid-item post-2201 post type-post status-publish format-standard has-post-thumbnail hentry category-hanganyag category-szexualis-onismeret category-video\" role=\"listitem\">\n\t\t\t<div class=\"elementor-post__card\">\n\t\t\t\t<a class=\"elementor-post__thumbnail__link\" href=\"https:\/\/szunyikitti.hu\/en\/podcast-noi-orgazmus-felsofokon-3-resz\/\" tabindex=\"-1\" ><div class=\"elementor-post__thumbnail\"><img loading=\"lazy\" decoding=\"async\" width=\"700\" height=\"394\" src=\"https:\/\/szunyikitti.hu\/wp-content\/uploads\/2023\/12\/YT_borito_Noi-orgazmus-felsofokon-3.-resz-700x394.png\" class=\"attachment-medium size-medium wp-image-2202\" alt=\"\" srcset=\"https:\/\/szunyikitti.hu\/wp-content\/uploads\/2023\/12\/YT_borito_Noi-orgazmus-felsofokon-3.-resz-700x394.png 700w, https:\/\/szunyikitti.hu\/wp-content\/uploads\/2023\/12\/YT_borito_Noi-orgazmus-felsofokon-3.-resz-1024x576.png 1024w, https:\/\/szunyikitti.hu\/wp-content\/uploads\/2023\/12\/YT_borito_Noi-orgazmus-felsofokon-3.-resz-768x432.png 768w, https:\/\/szunyikitti.hu\/wp-content\/uploads\/2023\/12\/YT_borito_Noi-orgazmus-felsofokon-3.-resz-1536x864.png 1536w, https:\/\/szunyikitti.hu\/wp-content\/uploads\/2023\/12\/YT_borito_Noi-orgazmus-felsofokon-3.-resz-18x10.png 18w, https:\/\/szunyikitti.hu\/wp-content\/uploads\/2023\/12\/YT_borito_Noi-orgazmus-felsofokon-3.-resz.png 1920w\" sizes=\"(max-width: 700px) 100vw, 700px\" \/><\/div><\/a>\n\t\t\t\t<div class=\"elementor-post__badge\">Hanganyag<\/div>\n\t\t\t\t<div class=\"elementor-post__text\">\n\t\t\t\t<h3 class=\"elementor-post__title\">\n\t\t\t<a href=\"https:\/\/szunyikitti.hu\/en\/podcast-noi-orgazmus-felsofokon-3-resz\/\" >\n\t\t\t\tPodcast \u2013 N\u0151i orgazmus fels\u0151fokon 3. r\u00e9sz\t\t\t<\/a>\n\t\t<\/h3>\n\t\t\t\t<div class=\"elementor-post__excerpt\">\n\t\t\t<p>A m\u00e9ret a l\u00e9nyeg? &#8211; Besz\u00e9lget\u00e9s Lancsin Zsuzska intimit\u00e1s coach-csal.<\/p>\n\t\t<\/div>\n\t\t\n\t\t<a class=\"elementor-post__read-more\" href=\"https:\/\/szunyikitti.hu\/en\/podcast-noi-orgazmus-felsofokon-3-resz\/\" aria-label=\"Read more about Podcast \u2013 N\u0151i orgazmus fels\u0151fokon 3. r\u00e9sz\" tabindex=\"-1\" >\n\t\t\tTov\u00e1bb olvasom \u00bb\t\t<\/a>\n\n\t\t\t\t<\/div>\n\t\t\t\t<div class=\"elementor-post__meta-data\">\n\t\t\t\t\t<span class=\"elementor-post-date\">\n\t\t\t2023.12.10.\t\t<\/span>\n\t\t\t\t<\/div>\n\t\t\t\t\t<\/div>\n\t\t<\/article>\n\t\t\t\t<\/div>\n\t\t\t\t\t<span class=\"e-load-more-spinner\">\n\t\t\t\t<svg aria-hidden=\"true\" class=\"e-font-icon-svg e-fas-spinner\" viewbox=\"0 0 512 512\" xmlns=\"http:\/\/www.w3.org\/2000\/svg\"><path d=\"M304 48c0 26.51-21.49 48-48 48s-48-21.49-48-48 21.49-48 48-48 48 21.49 48 48zm-48 368c-26.51 0-48 21.49-48 48s21.49 48 48 48 48-21.49 48-48-21.49-48-48-48zm208-208c-26.51 0-48 21.49-48 48s21.49 48 48 48 48-21.49 48-48-21.49-48-48-48zM96 256c0-26.51-21.49-48-48-48S0 229.49 0 256s21.49 48 48 48 48-21.49 48-48zm12.922 99.078c-26.51 0-48 21.49-48 48s21.49 48 48 48 48-21.49 48-48c0-26.509-21.491-48-48-48zm294.156 0c-26.51 0-48 21.49-48 48s21.49 48 48 48 48-21.49 48-48c0-26.509-21.49-48-48-48zM108.922 60.922c-26.51 0-48 21.49-48 48s21.49 48 48 48 48-21.49 48-48-21.491-48-48-48z\"><\/path><\/svg>\t\t\t<\/span>\n\t\t\n\t\t\t\t<div class=\"e-load-more-anchor\" data-page=\"1\" data-max-page=\"3\" data-next-page=\"https:\/\/szunyikitti.hu\/en\/wp-json\/wp\/v2\/pages\/288\/page\/2\/\"><\/div>\n\t\t\t\t<div class=\"e-load-more-message\">Nincs t\u00f6bb megjelen\u00edthet\u0151 bejegyz\u00e9s<\/div>\n\t\t\t\t\t\t<\/div>\n\t\t\t\t<\/div>\n\t\t\t\t\t<\/div>\n\t\t<\/div>\n\t\t\t\t\t<\/div>\n\t\t<\/section>\n\t\t\t\t<\/div>","protected":false},"excerpt":{"rendered":"<p>Blog<\/p>","protected":false},"author":2,"featured_media":0,"parent":0,"menu_order":0,"comment_status":"closed","ping_status":"closed","template":"","meta":{"footnotes":""},"class_list":["post-288","page","type-page","status-publish","hentry"],"_links":{"self":[{"href":"https:\/\/szunyikitti.hu\/en\/wp-json\/wp\/v2\/pages\/288","targetHints":{"allow":["GET"]}}],"collection":[{"href":"https:\/\/szunyikitti.hu\/en\/wp-json\/wp\/v2\/pages"}],"about":[{"href":"https:\/\/szunyikitti.hu\/en\/wp-json\/wp\/v2\/types\/page"}],"author":[{"embeddable":true,"href":"https:\/\/szunyikitti.hu\/en\/wp-json\/wp\/v2\/users\/2"}],"replies":[{"embeddable":true,"href":"https:\/\/szunyikitti.hu\/en\/wp-json\/wp\/v2\/comments?post=288"}],"version-history":[{"count":0,"href":"https:\/\/szunyikitti.hu\/en\/wp-json\/wp\/v2\/pages\/288\/revisions"}],"wp:attachment":[{"href":"https:\/\/szunyikitti.hu\/en\/wp-json\/wp\/v2\/media?parent=288"}],"curies":[{"name":"wp","href":"https:\/\/api.w.org\/{rel}","templated":true}]}}